{"id":49,"date":"2025-05-30T13:28:03","date_gmt":"2025-05-30T13:28:03","guid":{"rendered":"https:\/\/hrsuunnittelu.fi\/?page_id=49"},"modified":"2026-04-26T14:35:13","modified_gmt":"2026-04-26T14:35:13","slug":"etusivu","status":"publish","type":"page","link":"https:\/\/hrsuunnittelu.fi\/","title":{"rendered":"Etusivu"},"content":{"rendered":"\n<div class=\"wp-block-cover hero-diagonal wp-duotone-unset-1\" style=\"border-style:none;border-width:0px;border-top-left-radius:10px;border-top-right-radius:10px;border-bottom-left-radius:10px;border-bottom-right-radius:10px;min-height:50vh;aspect-ratio:unset;\"><img loading=\"lazy\" decoding=\"async\" width=\"1024\" height=\"485\" class=\"wp-block-cover__image-background wp-image-46 size-large\" alt=\"\" src=\"https:\/\/hrsuunnittelu.fi\/wp-content\/uploads\/2025\/05\/64743550_10157334428269851_1601053229720797184_n-1024x485.jpg\" style=\"object-position:50% 40%\" data-object-fit=\"cover\" data-object-position=\"50% 40%\" srcset=\"https:\/\/hrsuunnittelu.fi\/wp-content\/uploads\/2025\/05\/64743550_10157334428269851_1601053229720797184_n-1024x485.jpg 1024w, https:\/\/hrsuunnittelu.fi\/wp-content\/uploads\/2025\/05\/64743550_10157334428269851_1601053229720797184_n-300x142.jpg 300w, https:\/\/hrsuunnittelu.fi\/wp-content\/uploads\/2025\/05\/64743550_10157334428269851_1601053229720797184_n-768x364.jpg 768w, https:\/\/hrsuunnittelu.fi\/wp-content\/uploads\/2025\/05\/64743550_10157334428269851_1601053229720797184_n.jpg 1372w\" sizes=\"auto, (max-width: 1024px) 100vw, 1024px\" \/><span aria-hidden=\"true\" class=\"wp-block-cover__background has-palette-color-4-background-color has-background-dim-70 has-background-dim\"><\/span><div class=\"wp-block-cover__inner-container is-layout-constrained wp-container-core-cover-is-layout-db9edeb8 wp-block-cover-is-layout-constrained\">\n<p class=\"has-text-align-center etuotsikko has-x-large-font-size\" style=\"margin-top:var(--wp--preset--spacing--60);margin-bottom:var(--wp--preset--spacing--60);padding-top:0;padding-bottom:0\"><strong><mark style=\"background-color:rgba(0, 0, 0, 0)\" class=\"has-inline-color has-palette-color-7-color\">Rakennussuunnittelua H\u00e4meess\u00e4<\/mark><\/strong><\/p>\n\n\n\n<p class=\"has-text-align-center etuotsikko has-large-font-size\"><strong><mark style=\"background-color:rgba(0, 0, 0, 0)\" class=\"has-inline-color has-palette-color-7-color\">Hyv\u00e4 suunnittelu s\u00e4\u00e4st\u00e4\u00e4 merkitt\u00e4v\u00e4sti projektin kustannuksissa.<\/mark><\/strong><\/p>\n\n\n\n<div class=\"wp-block-group is-layout-grid wp-container-core-group-is-layout-988b637e wp-block-group-is-layout-grid\">\n<p class=\"has-text-align-center has-palette-color-6-color has-text-color has-link-color has-medium-font-size wp-elements-968d6b8d60c604dbac91f5e12fa3395f\"><strong>Asiantuntemusta vuodesta 1985.<\/strong><\/p>\n\n\n\n<p><\/p>\n\n\n\n<p class=\"has-text-align-center has-palette-color-6-color has-text-color has-link-color has-medium-font-size wp-elements-e921bf382ffba1a469f49f6717575473\"><\/p>\n<\/div>\n<\/div><\/div>\n\n\n\n<div class=\"wp-block-columns is-layout-flex wp-container-core-columns-is-layout-28f84493 wp-block-columns-is-layout-flex\">\n<div class=\"wp-block-column is-layout-flow wp-block-column-is-layout-flow\">\n<p class=\"has-text-align-center has-palette-color-7-color has-palette-color-1-background-color has-text-color has-background has-link-color has-medium-font-size wp-elements-d562303c0995e3e04f6bf17f2f409d4d\" style=\"border-top-left-radius:10px;border-top-right-radius:10px;border-bottom-left-radius:10px;border-bottom-right-radius:10px\"><strong><a href=\"https:\/\/hrsuunnittelu.fi\/index.php\/rakennuslupakuat\/\" data-type=\"page\" data-id=\"387\">Rakennuslupakuvat<\/a><\/strong><\/p>\n\n\n\n<figure class=\"wp-block-image size-full has-custom-border\"><a href=\"https:\/\/hrsuunnittelu.fi\/index.php\/rakennussuunnittelu\/\"><img loading=\"lazy\" decoding=\"async\" width=\"800\" height=\"452\" src=\"https:\/\/hrsuunnittelu.fi\/wp-content\/uploads\/2025\/06\/WhatsApp-Kuva-2025-06-02-klo-21.39.57_86a92beb.jpg\" alt=\"\" class=\"has-border-color has-palette-color-1-border-color wp-image-149\" style=\"border-top-left-radius:10px;border-top-right-radius:10px;border-bottom-left-radius:10px;border-bottom-right-radius:10px\" srcset=\"https:\/\/hrsuunnittelu.fi\/wp-content\/uploads\/2025\/06\/WhatsApp-Kuva-2025-06-02-klo-21.39.57_86a92beb.jpg 800w, https:\/\/hrsuunnittelu.fi\/wp-content\/uploads\/2025\/06\/WhatsApp-Kuva-2025-06-02-klo-21.39.57_86a92beb-300x170.jpg 300w, https:\/\/hrsuunnittelu.fi\/wp-content\/uploads\/2025\/06\/WhatsApp-Kuva-2025-06-02-klo-21.39.57_86a92beb-768x434.jpg 768w\" sizes=\"auto, (max-width: 800px) 100vw, 800px\" \/><\/a><\/figure>\n\n\n\n<p class=\"has-text-align-center linkki1 has-palette-color-7-color has-palette-color-1-background-color has-text-color has-background has-link-color has-medium-font-size wp-elements-1283a17afd8a851b006db0d3f887a7de\" style=\"border-top-left-radius:10px;border-top-right-radius:10px;border-bottom-left-radius:10px;border-bottom-right-radius:10px\"><strong><a href=\"https:\/\/hrsuunnittelu.fi\/index.php\/energiaselvitys\/\" data-type=\"page\" data-id=\"376\">Energiaselvitys<\/a><\/strong><\/p>\n<\/div>\n\n\n\n<div class=\"wp-block-column is-layout-flow wp-block-column-is-layout-flow\">\n<p class=\"has-text-align-center has-palette-color-7-color has-palette-color-1-background-color has-text-color has-background has-link-color has-medium-font-size wp-elements-435380a812856ff89681cd37434bfe40\" style=\"border-style:none;border-width:0px;border-top-left-radius:10px;border-top-right-radius:10px;border-bottom-left-radius:10px;border-bottom-right-radius:10px\"><a href=\"https:\/\/hrsuunnittelu.fi\/index.php\/rakennussuunnittelu\/\" data-type=\"page\" data-id=\"76\"><strong>Rakennesuunnittelu<\/strong><\/a><\/p>\n\n\n\n<figure class=\"wp-block-image size-full has-custom-border\"><a href=\"https:\/\/hrsuunnittelu.fi\/index.php\/tyonjohto-ja-valvonta\/\"><img loading=\"lazy\" decoding=\"async\" width=\"800\" height=\"452\" src=\"https:\/\/hrsuunnittelu.fi\/wp-content\/uploads\/2025\/06\/WhatsApp-Kuva-2025-06-02-klo-21.43.45_10cea4c6.jpg\" alt=\"\" class=\"has-border-color has-palette-color-1-border-color wp-image-150\" style=\"border-top-left-radius:10px;border-top-right-radius:10px;border-bottom-left-radius:10px;border-bottom-right-radius:10px\" srcset=\"https:\/\/hrsuunnittelu.fi\/wp-content\/uploads\/2025\/06\/WhatsApp-Kuva-2025-06-02-klo-21.43.45_10cea4c6.jpg 800w, https:\/\/hrsuunnittelu.fi\/wp-content\/uploads\/2025\/06\/WhatsApp-Kuva-2025-06-02-klo-21.43.45_10cea4c6-300x170.jpg 300w, https:\/\/hrsuunnittelu.fi\/wp-content\/uploads\/2025\/06\/WhatsApp-Kuva-2025-06-02-klo-21.43.45_10cea4c6-768x434.jpg 768w\" sizes=\"auto, (max-width: 800px) 100vw, 800px\" \/><\/a><\/figure>\n\n\n\n<p class=\"has-text-align-center linkki1 has-palette-color-7-color has-palette-color-1-background-color has-text-color has-background has-link-color has-medium-font-size wp-elements-c8bfc59f3938a2a8afdd978a356b8ceb\" style=\"border-top-left-radius:10px;border-top-right-radius:10px;border-bottom-left-radius:10px;border-bottom-right-radius:10px\"><a href=\"https:\/\/hrsuunnittelu.fi\/index.php\/tyonjohto-ja-valvonta\/\" data-type=\"page\" data-id=\"159\"><strong>Ty\u00f6njohto ja valvonta<\/strong><\/a><\/p>\n<\/div>\n\n\n\n<div class=\"wp-block-column is-layout-flow wp-block-column-is-layout-flow\">\n<p class=\"has-text-align-center has-palette-color-7-color has-palette-color-1-background-color has-text-color has-background has-link-color has-medium-font-size wp-elements-0f44fa623d456886eed0596714571d4f\" style=\"border-top-left-radius:10px;border-top-right-radius:10px;border-bottom-left-radius:10px;border-bottom-right-radius:10px\"><strong><a href=\"https:\/\/hrsuunnittelu.fi\/index.php\/pohjatutkimukset\/\" data-type=\"page\" data-id=\"374\">Perustamistapalausunto<\/a><\/strong><\/p>\n\n\n\n<figure class=\"wp-block-image size-full has-custom-border\"><a href=\"https:\/\/hrsuunnittelu.fi\/index.php\/konsultointi\/\"><img loading=\"lazy\" decoding=\"async\" width=\"800\" height=\"452\" src=\"https:\/\/hrsuunnittelu.fi\/wp-content\/uploads\/2025\/06\/WhatsApp-Kuva-2025-06-02-klo-21.46.01_f300eca4.jpg\" alt=\"\" class=\"has-border-color has-palette-color-1-border-color wp-image-151\" style=\"border-top-left-radius:10px;border-top-right-radius:10px;border-bottom-left-radius:10px;border-bottom-right-radius:10px\" srcset=\"https:\/\/hrsuunnittelu.fi\/wp-content\/uploads\/2025\/06\/WhatsApp-Kuva-2025-06-02-klo-21.46.01_f300eca4.jpg 800w, https:\/\/hrsuunnittelu.fi\/wp-content\/uploads\/2025\/06\/WhatsApp-Kuva-2025-06-02-klo-21.46.01_f300eca4-300x170.jpg 300w, https:\/\/hrsuunnittelu.fi\/wp-content\/uploads\/2025\/06\/WhatsApp-Kuva-2025-06-02-klo-21.46.01_f300eca4-768x434.jpg 768w\" sizes=\"auto, (max-width: 800px) 100vw, 800px\" \/><\/a><\/figure>\n\n\n\n<p class=\"has-text-align-center linkki1 has-palette-color-7-color has-palette-color-1-background-color has-text-color has-background has-link-color has-medium-font-size wp-elements-c3504f218fee87d6307cf607985336d5\" style=\"border-top-left-radius:10px;border-top-right-radius:10px;border-bottom-left-radius:10px;border-bottom-right-radius:10px\"><a href=\"https:\/\/hrsuunnittelu.fi\/index.php\/konsultointi\/\" data-type=\"page\" data-id=\"162\"><strong>Konsultointi<\/strong><\/a><\/p>\n<\/div>\n<\/div>\n\n\n\n<p><\/p>\n","protected":false},"excerpt":{"rendered":"<p>Rakennuslupakuvat Energiaselvitys Rakennesuunnittelu Ty\u00f6njohto ja valvonta Perustamistapalausunto Konsultointi<\/p>\n","protected":false},"author":1,"featured_media":0,"parent":0,"menu_order":0,"comment_status":"closed","ping_status":"closed","template":"","meta":{"footnotes":""},"class_list":["post-49","page","type-page","status-publish","hentry"],"blocksy_meta":{"disable_header":"no","has_hero_section":"disabled","styles_descriptor":{"styles":{"desktop":"","tablet":"","mobile":""},"google_fonts":[],"version":6}},"_links":{"self":[{"href":"https:\/\/hrsuunnittelu.fi\/index.php\/wp-json\/wp\/v2\/pages\/49","targetHints":{"allow":["GET"]}}],"collection":[{"href":"https:\/\/hrsuunnittelu.fi\/index.php\/wp-json\/wp\/v2\/pages"}],"about":[{"href":"https:\/\/hrsuunnittelu.fi\/index.php\/wp-json\/wp\/v2\/types\/page"}],"author":[{"embeddable":true,"href":"https:\/\/hrsuunnittelu.fi\/index.php\/wp-json\/wp\/v2\/users\/1"}],"replies":[{"embeddable":true,"href":"https:\/\/hrsuunnittelu.fi\/index.php\/wp-json\/wp\/v2\/comments?post=49"}],"version-history":[{"count":53,"href":"https:\/\/hrsuunnittelu.fi\/index.php\/wp-json\/wp\/v2\/pages\/49\/revisions"}],"predecessor-version":[{"id":452,"href":"https:\/\/hrsuunnittelu.fi\/index.php\/wp-json\/wp\/v2\/pages\/49\/revisions\/452"}],"wp:attachment":[{"href":"https:\/\/hrsuunnittelu.fi\/index.php\/wp-json\/wp\/v2\/media?parent=49"}],"curies":[{"name":"wp","href":"https:\/\/api.w.org\/{rel}","templated":true}]}}